{"id":2498,"date":"2020-07-08T07:38:53","date_gmt":"2020-07-08T07:38:53","guid":{"rendered":"https:\/\/eng.schmeckthal-gruppe.de\/?page_id=2498"},"modified":"2023-12-22T11:44:29","modified_gmt":"2023-12-22T11:44:29","slug":"agb-wvw","status":"publish","type":"page","link":"https:\/\/eng.schmeckthal-gruppe.de\/?page_id=2498","title":{"rendered":"AGB WVW"},"content":{"rendered":"<p>[et_pb_section fb_built=&#8220;1&#8243; _builder_version=&#8220;4.16&#8243; background_color=&#8220;#dbdbdb&#8220; custom_margin=&#8220;3px|||||&#8220; custom_padding=&#8220;0px||0px|||&#8220; box_shadow_style=&#8220;preset1&#8243; box_shadow_color=&#8220;#2c2c2c&#8220; global_colors_info=&#8220;{}&#8220;][et_pb_row use_custom_gutter=&#8220;on&#8220; gutter_width=&#8220;1&#8243; _builder_version=&#8220;4.16&#8243; background_enable_color=&#8220;off&#8220; width=&#8220;100%&#8220; custom_margin=&#8220;|370px||auto||&#8220; custom_padding=&#8220;50px|0px|50px|0px|false|true&#8220; global_colors_info=&#8220;{}&#8220;][et_pb_column type=&#8220;4_4&#8243; _builder_version=&#8220;4.16&#8243; global_colors_info=&#8220;{}&#8220;][et_pb_text _builder_version=&#8220;4.23.2&#8243; text_text_color=&#8220;#000000&#8243; link_text_color=&#8220;#000000&#8243; hover_enabled=&#8220;0&#8243; global_colors_info=&#8220;{}&#8220; sticky_enabled=&#8220;0&#8243;]<\/p>\n<h2 style=\"text-align: center;\"><strong>GENERAL CONDITIONS OF PURCHASE W\u00e4lzlager &#8211; Vertrieb Wiesbaden GmbH<br \/><\/strong><\/h2>\n<p><strong><\/strong><\/p>\n<p>&nbsp;<\/p>\n<h4><a href=\"https:\/\/eng.schmeckthal-gruppe.de\/wp-content\/uploads\/2023\/12\/CONDITIONS-OF-PURCHASE-WVW-01_2020-Englisch.pdf\" target=\"_blank\" rel=\"noopener noreferrer\"><strong>GENERAL CONDITIONS OF PURCHASE W\u00e4lzlager &#8211; Vertrieb Wiesbaden GmbH<\/strong><\/a><\/h4>\n<p><strong><\/strong><\/p>\n<h4><a href=\"https:\/\/eng.schmeckthal-gruppe.de\/wp-content\/uploads\/2023\/12\/CONDITIONS-OF-SALE-WVW-01_2020-Englisch.pdf\" target=\"_blank\" rel=\"noopener noreferrer\"><strong>GENERAL CONDITIONS OF SALE W\u00e4lzlager &#8211; Vertrieb Wiesbaden GmbH<\/strong><\/a><\/h4>\n<p><strong><\/strong><\/p>\n<h4 style=\"text-align: left;\"><strong><\/strong><\/h4>\n<p>[\/et_pb_text][\/et_pb_column][\/et_pb_row][\/et_pb_section]<\/p>\n","protected":false},"excerpt":{"rendered":"<p>GENERAL CONDITIONS OF PURCHASE W\u00e4lzlager &#8211; Vertrieb Wiesbaden GmbH &nbsp; GENERAL CONDITIONS OF PURCHASE W\u00e4lzlager &#8211; Vertrieb Wiesbaden GmbH GENERAL CONDITIONS OF SALE W\u00e4lzlager &#8211; Vertrieb Wiesbaden GmbH<\/p>\n","protected":false},"author":2,"featured_media":0,"parent":0,"menu_order":0,"comment_status":"closed","ping_status":"closed","template":"","meta":{"_et_pb_use_builder":"on","_et_pb_old_content":"","_et_gb_content_width":"","footnotes":""},"class_list":["post-2498","page","type-page","status-publish","hentry"],"_links":{"self":[{"href":"https:\/\/eng.schmeckthal-gruppe.de\/index.php?rest_route=\/wp\/v2\/pages\/2498","targetHints":{"allow":["GET"]}}],"collection":[{"href":"https:\/\/eng.schmeckthal-gruppe.de\/index.php?rest_route=\/wp\/v2\/pages"}],"about":[{"href":"https:\/\/eng.schmeckthal-gruppe.de\/index.php?rest_route=\/wp\/v2\/types\/page"}],"author":[{"embeddable":true,"href":"https:\/\/eng.schmeckthal-gruppe.de\/index.php?rest_route=\/wp\/v2\/users\/2"}],"replies":[{"embeddable":true,"href":"https:\/\/eng.schmeckthal-gruppe.de\/index.php?rest_route=%2Fwp%2Fv2%2Fcomments&post=2498"}],"version-history":[{"count":7,"href":"https:\/\/eng.schmeckthal-gruppe.de\/index.php?rest_route=\/wp\/v2\/pages\/2498\/revisions"}],"predecessor-version":[{"id":2984,"href":"https:\/\/eng.schmeckthal-gruppe.de\/index.php?rest_route=\/wp\/v2\/pages\/2498\/revisions\/2984"}],"wp:attachment":[{"href":"https:\/\/eng.schmeckthal-gruppe.de\/index.php?rest_route=%2Fwp%2Fv2%2Fmedia&parent=2498"}],"curies":[{"name":"wp","href":"https:\/\/api.w.org\/{rel}","templated":true}]}}